{"id":1709,"date":"2020-07-29T08:55:08","date_gmt":"2020-07-29T08:55:08","guid":{"rendered":"https:\/\/profen.bootests.com\/?page_id=1709"},"modified":"2026-04-06T10:00:08","modified_gmt":"2026-04-06T10:00:08","slug":"profen-ikitelli","status":"publish","type":"page","link":"https:\/\/profen.com\/en\/profen-ikitelli\/","title":{"rendered":"Profen &#8211; \u0130kitelli"},"content":{"rendered":"<div class=\"wpb-content-wrapper\"><p>[vc_row][vc_column]<div class=\"container\">\n\n\t\t\t<div class=\"tctf row\">\n\t\t\t\t<div class=\"tctf__form col-lg-8\">\n\t\t\t\t\t<span class=\"contactform-title\">Contact Us<\/span>\n                    <p>Contact us for your comments and suggestions.<\/p>\n\t\t\t\t\t<div class=\"tctf__form-shortcode\">\n<div class=\"wpcf7 no-js\" id=\"wpcf7-f1887-o1\" lang=\"en-US\" dir=\"ltr\" data-wpcf7-id=\"1887\">\n<div class=\"screen-reader-response\"><p role=\"status\" aria-live=\"polite\" aria-atomic=\"true\"><\/p> <ul><\/ul><\/div>\n<form action=\"\/en\/wp-json\/wp\/v2\/pages\/1709#wpcf7-f1887-o1\" method=\"post\" class=\"wpcf7-form init cf7mls-no-scroll cf7mls-no-moving-animation\" aria-label=\"Contact form\" novalidate=\"novalidate\" data-status=\"init\">\n<fieldset class=\"hidden-fields-container\"><input type=\"hidden\" name=\"_wpcf7\" value=\"1887\" \/><input type=\"hidden\" name=\"_wpcf7_version\" value=\"6.1.5\" \/><input type=\"hidden\" name=\"_wpcf7_locale\" value=\"en_US\" \/><input type=\"hidden\" name=\"_wpcf7_unit_tag\" value=\"wpcf7-f1887-o1\" \/><input type=\"hidden\" name=\"_wpcf7_container_post\" value=\"0\" \/><input type=\"hidden\" name=\"_wpcf7_posted_data_hash\" value=\"\" \/><input type=\"hidden\" name=\"_wpcf7_recaptcha_response\" value=\"\" \/>\n<\/fieldset>\n<div class=\"profen-contact-form\">\n\t<div class=\"row\">\n\t\t<div class=\"col-md-6 col-12\">\n\t\t\t<p><label> *Name<br \/>\n<span class=\"wpcf7-form-control-wrap\" data-name=\"your-name\"><input size=\"40\" maxlength=\"400\" class=\"wpcf7-form-control wpcf7-text wpcf7-validates-as-required alphaonly\" aria-required=\"true\" aria-invalid=\"false\" value=\"\" type=\"text\" name=\"your-name\" \/><\/span><\/label>\n\t\t\t<\/p>\n\t\t<\/div>\n\t\t<div class=\"col-md-6 col-12\">\n\t\t\t<p><label> *Surname<br \/>\n<span class=\"wpcf7-form-control-wrap\" data-name=\"your-surname\"><input size=\"40\" maxlength=\"400\" class=\"wpcf7-form-control wpcf7-text wpcf7-validates-as-required alphaonly\" aria-required=\"true\" aria-invalid=\"false\" value=\"\" type=\"text\" name=\"your-surname\" \/><\/span><\/label>\n\t\t\t<\/p>\n\t\t<\/div>\n\t<\/div>\n\t<div class=\"row\">\n\t\t<div class=\"col-md-6 col-12\">\n\t\t\t<p><label> *Mail<br \/>\n<span class=\"wpcf7-form-control-wrap\" data-name=\"your-email\"><input size=\"40\" maxlength=\"400\" class=\"wpcf7-form-control wpcf7-text wpcf7-validates-as-required\" aria-required=\"true\" aria-invalid=\"false\" value=\"\" type=\"text\" name=\"your-email\" \/><\/span> <\/label>\n\t\t\t<\/p>\n\t\t<\/div>\n\t\t<div class=\"col-md-6 col-12\">\n\t\t\t<p><label> *Phone<br \/>\n<span class=\"wpcf7-form-control-wrap\" data-name=\"phone\"><input size=\"40\" maxlength=\"400\" class=\"wpcf7-form-control wpcf7-tel wpcf7-validates-as-required wpcf7-text wpcf7-validates-as-tel\" aria-required=\"true\" aria-invalid=\"false\" value=\"\" type=\"tel\" name=\"phone\" \/><\/span><\/label>\n\t\t\t<\/p>\n\t\t<\/div>\n\t<\/div>\n\t<div class=\"row\">\n\t\t<div class=\"col-md-6 col-12\">\n\t\t\t<p><label> *Subject<br \/>\n<span class=\"wpcf7-form-control-wrap\" data-name=\"subject\"><input size=\"40\" maxlength=\"400\" class=\"wpcf7-form-control wpcf7-text wpcf7-validates-as-required\" aria-required=\"true\" aria-invalid=\"false\" value=\"\" type=\"text\" name=\"subject\" \/><\/span><\/label>\n\t\t\t<\/p>\n\t\t<\/div>\n\t<\/div>\n\t<div class=\"row\">\n\t\t<div class=\"col-12 textarea\">\n\t\t\t<p><label> Message <\/label><br \/>\n<span class=\"wpcf7-form-control-wrap\" data-name=\"your-message\"><textarea cols=\"40\" rows=\"4\" maxlength=\"1500\" minlength=\"10\" class=\"wpcf7-form-control wpcf7-textarea\" aria-invalid=\"false\" name=\"your-message\"><\/textarea><\/span>\n\t\t\t<\/p>\n\t\t<\/div>\n\t<\/div>\n\t<div class=\"row\">\n\t\t<div class=\"col-12 textarea\">\n\t\t\t<p><span class=\"wpcf7-form-control-wrap\" data-name=\"veri-onay\"><span class=\"wpcf7-form-control wpcf7-acceptance\"><span class=\"wpcf7-list-item\"><label><input type=\"checkbox\" name=\"veri-onay\" value=\"1\" aria-invalid=\"false\" \/><span class=\"wpcf7-list-item-label\">I have read and accept the <a href=\"\/en\/gdpr\/\" target=\"_blank\">GDPR<\/a>.<\/span><\/label><\/span><\/span><\/span>\n\t\t\t<\/p>\n\t\t<\/div>\n\t<\/div>\n\t<div class=\"row\">\n\t\t<div class=\"col-12 text-lg-right send-btn\">\n\t\t\t<p><input class=\"wpcf7-form-control wpcf7-submit has-spinner\" type=\"submit\" value=\"Send\" \/>\n\t\t\t<\/p>\n\t\t<\/div>\n\t<\/div>\n<\/div><div class=\"wpcf7-response-output\" aria-hidden=\"true\"><\/div>\n<\/form>\n<\/div>\n<\/div>\n\t\t\t\t<\/div>\n\t\t\t\t<div class=\"tctf__dtls col-lg-4\">\n                    <div class=\"row title\">\n                        <div class=\"col-12\">\n                            <h3>Contact Information<\/h3>\n                        <\/div>\n                    <\/div>\n\n                    <div class=\"row\">\n                        <div class=\"col-2\">\n                            <img decoding=\"async\" class=\"m-0\" src=\"https:\/\/profen.com\/wp-content\/themes\/profen\/assets\/icon\/phone.svg\" style=\"width: 26px; height: 26px;\" alt=\"phone\">\n                        <\/div>\n                        <div class=\"col-10\">\n                            <p> Phone <\/p>\n                            <a href=\"tel:+90 (212)210 27 70\">+90 (212)210 27 70<\/a>\n                        <\/div>\n                    <\/div>\n\n                    <div class=\"row\">\n                        <div class=\"col-2\">\n                            <img decoding=\"async\" class=\"m-0\" src=\"https:\/\/profen.com\/wp-content\/themes\/profen\/assets\/icon\/mail.svg\" style=\"width: 28px; height: 22px;\" alt=\"mail\">\n                        <\/div>\n                        <div class=\"col-10\">\n                            <p> Mail <\/p>\n                            <a href=\"mailto:info@profen.com\">info@profen.com<\/a>\n                        <\/div>\n                    <\/div>\n\n                    <div class=\"row\">\n                        <div class=\"col-2\">\n                            <img decoding=\"async\" class=\"m-0\" src=\"https:\/\/profen.com\/wp-content\/themes\/profen\/assets\/icon\/home.svg\" style=\"width: 26px; height: 27px;\" alt=\"address\">\n                        <\/div>\n                        <div class=\"col-10\">\n                            <p> Address <\/p>\n                            <span>Organize Sanayi B\u00f6lgesi, \u0130PKAS 4B Blok No:25-27, \u0130kitelli \/ \u0130stanbul \/ T\u00fcrkiye<\/span>\n                        <\/div>\n                    <\/div>\n\n\t\t\t\t<\/div>\n\t\t\t<\/div>\n\t\t\n\t\t<\/div>[\/vc_column][\/vc_row][vc_row full_width=&#8221;stretch_row_content&#8221;][vc_column][vc_gmaps link=&#8221;#E-8_JTNDaWZyYW1lJTIwc3JjJTNEJTIyaHR0cHMlM0ElMkYlMkZ3d3cuZ29vZ2xlLmNvbSUyRm1hcHMlMkZlbWJlZCUzRnBiJTNEJTIxMW0xOCUyMTFtMTIlMjExbTMlMjExZDMwMDcuNjkyNTg4ODk2NjQwMiUyMTJkMjguNzkzNzEzNzE1NzIwMzI2JTIxM2Q0MS4wNzU3MTE4MjMyMjA4JTIxMm0zJTIxMWYwJTIxMmYwJTIxM2YwJTIxM20yJTIxMWkxMDI0JTIxMmk3NjglMjE0ZjEzLjElMjEzbTMlMjExbTIlMjExczB4MTRjYWE1OGVhMTZmN2RkZiUyNTNBMHg1YTEyOTM1YjEwZWZmODQ5JTIxMnpVRkpQUmtWT0lNU3dURVZVeExERm5zU3dUUSUyMTVlMCUyMTNtMiUyMTFzdHIlMjEyc3RyJTIxNHYxNTk3OTIxMDA4MTYxJTIxNW0yJTIxMXN0ciUyMTJzdHIlMjIlMjB3aWR0aCUzRCUyMjEwMCUyNSUyMiUyMGhlaWdodCUzRCUyMjUyMCUyMiUyMGZyYW1lYm9yZGVyJTNEJTIyMCUyMiUyMHN0eWxlJTNEJTIyYm9yZGVyJTNBMCUzQiUyMiUyMGFsbG93ZnVsbHNjcmVlbiUzRCUyMiUyMiUyMGFyaWEtaGlkZGVuJTNEJTIyZmFsc2UlMjIlMjB0YWJpbmRleCUzRCUyMjAlMjIlM0UlM0MlMkZpZnJhbWUlM0U=&#8221;][\/vc_column][\/vc_row]<\/p>\n<\/div>","protected":false},"excerpt":{"rendered":"<p>[vc_row][vc_column][\/vc_column][\/vc_row][vc_row full_width=&#8221;stretch_row_content&#8221;][vc_column][vc_gmaps link=&#8221;#E-8_JTNDaWZyYW1lJTIwc3JjJTNEJTIyaHR0cHMlM0ElMkYlMkZ3d3cuZ29vZ2xlLmNvbSUyRm1hcHMlMkZlbWJlZCUzRnBiJTNEJTIxMW0xOCUyMTFtMTIlMjExbTMlMjExZDMwMDcuNjkyNTg4ODk2NjQwMiUyMTJkMjguNzkzNzEzNzE1NzIwMzI2JTIxM2Q0MS4wNzU3MTE4MjMyMjA4JTIxMm0zJTIxMWYwJTIxMmYwJTIxM2YwJTIxM20yJTIxMWkxMDI0JTIxMmk3NjglMjE0ZjEzLjElMjEzbTMlMjExbTIlMjExczB4MTRjYWE1OGVhMTZmN2RkZiUyNTNBMHg1YTEyOTM1YjEwZWZmODQ5JTIxMnpVRkpQUmtWT0lNU3dURVZVeExERm5zU3dUUSUyMTVlMCUyMTNtMiUyMTFzdHIlMjEyc3RyJTIxNHYxNTk3OTIxMDA4MTYxJTIxNW0yJTIxMXN0ciUyMTJzdHIlMjIlMjB3aWR0aCUzRCUyMjEwMCUyNSUyMiUyMGhlaWdodCUzRCUyMjUyMCUyMiUyMGZyYW1lYm9yZGVyJTNEJTIyMCUyMiUyMHN0eWxlJTNEJTIyYm9yZGVyJTNBMCUzQiUyMiUyMGFsbG93ZnVsbHNjcmVlbiUzRCUyMiUyMiUyMGFyaWEtaGlkZGVuJTNEJTIyZmFsc2UlMjIlMjB0YWJpbmRleCUzRCUyMjAlMjIlM0UlM0MlMkZpZnJhbWUlM0U=&#8221;][\/vc_column][\/vc_row]<\/p>\n","protected":false},"author":2,"featured_media":1481,"parent":0,"menu_order":20,"comment_status":"closed","ping_status":"closed","template":"","meta":{"_acf_changed":false,"_vp_format_video_url":"","_vp_image_focal_point":[],"footnotes":""},"class_list":["post-1709","page","type-page","status-publish","has-post-thumbnail","hentry"],"acf":[],"yoast_head":"<!-- This site is optimized with the Yoast SEO plugin v27.2 - https:\/\/yoast.com\/product\/yoast-seo-wordpress\/ -->\n<title>Profen Group - Profen - \u0130kitelli<\/title>\n<meta name=\"description\" content=\"Contact us. Contact the Profen Ik\u0131telli for your comments and suggestions.\" \/>\n<meta name=\"robots\" content=\"index, follow, max-snippet:-1, max-image-preview:large, max-video-preview:-1\" \/>\n<link rel=\"canonical\" href=\"https:\/\/profen.com\/en\/profen-ikitelli\/\" \/>\n<meta property=\"og:locale\" content=\"en_US\" \/>\n<meta property=\"og:type\" content=\"article\" \/>\n<meta property=\"og:title\" content=\"Profen Group - Profen - \u0130kitelli\" \/>\n<meta property=\"og:description\" content=\"Contact us. Contact the Profen Ik\u0131telli for your comments and suggestions.\" \/>\n<meta property=\"og:url\" content=\"https:\/\/profen.com\/en\/profen-ikitelli\/\" \/>\n<meta property=\"og:site_name\" content=\"Profen Group\" \/>\n<meta property=\"article:modified_time\" content=\"2026-04-06T10:00:08+00:00\" \/>\n<meta property=\"og:image\" content=\"https:\/\/profen.com\/wp-content\/uploads\/2020\/07\/iletisim-background-1.jpg\" \/>\n\t<meta property=\"og:image:width\" content=\"1920\" \/>\n\t<meta property=\"og:image:height\" content=\"500\" \/>\n\t<meta property=\"og:image:type\" content=\"image\/jpeg\" \/>\n<meta name=\"twitter:card\" content=\"summary_large_image\" \/>\n<meta name=\"twitter:label1\" content=\"Est. reading time\" \/>\n\t<meta name=\"twitter:data1\" content=\"1 minute\" \/>\n<script type=\"application\/ld+json\" class=\"yoast-schema-graph\">{\"@context\":\"https:\/\/schema.org\",\"@graph\":[{\"@type\":\"WebPage\",\"@id\":\"https:\/\/profen.com\/en\/profen-ikitelli\/\",\"url\":\"https:\/\/profen.com\/en\/profen-ikitelli\/\",\"name\":\"Profen Group - Profen - \u0130kitelli\",\"isPartOf\":{\"@id\":\"https:\/\/profen.com\/#website\"},\"primaryImageOfPage\":{\"@id\":\"https:\/\/profen.com\/en\/profen-ikitelli\/#primaryimage\"},\"image\":{\"@id\":\"https:\/\/profen.com\/en\/profen-ikitelli\/#primaryimage\"},\"thumbnailUrl\":\"https:\/\/profen.com\/wp-content\/uploads\/2020\/07\/iletisim-background-1.jpg\",\"datePublished\":\"2020-07-29T08:55:08+00:00\",\"dateModified\":\"2026-04-06T10:00:08+00:00\",\"description\":\"Contact us. Contact the Profen Ik\u0131telli for your comments and suggestions.\",\"breadcrumb\":{\"@id\":\"https:\/\/profen.com\/en\/profen-ikitelli\/#breadcrumb\"},\"inLanguage\":\"en-US\",\"potentialAction\":[{\"@type\":\"ReadAction\",\"target\":[\"https:\/\/profen.com\/en\/profen-ikitelli\/\"]}]},{\"@type\":\"ImageObject\",\"inLanguage\":\"en-US\",\"@id\":\"https:\/\/profen.com\/en\/profen-ikitelli\/#primaryimage\",\"url\":\"https:\/\/profen.com\/wp-content\/uploads\/2020\/07\/iletisim-background-1.jpg\",\"contentUrl\":\"https:\/\/profen.com\/wp-content\/uploads\/2020\/07\/iletisim-background-1.jpg\",\"width\":1920,\"height\":500},{\"@type\":\"BreadcrumbList\",\"@id\":\"https:\/\/profen.com\/en\/profen-ikitelli\/#breadcrumb\",\"itemListElement\":[{\"@type\":\"ListItem\",\"position\":1,\"name\":\"Ana sayfa\",\"item\":\"https:\/\/profen.com\/en\/\"},{\"@type\":\"ListItem\",\"position\":2,\"name\":\"Profen &#8211; \u0130kitelli\"}]},{\"@type\":\"WebSite\",\"@id\":\"https:\/\/profen.com\/#website\",\"url\":\"https:\/\/profen.com\/\",\"name\":\"Profen Group\",\"description\":\"\",\"potentialAction\":[{\"@type\":\"SearchAction\",\"target\":{\"@type\":\"EntryPoint\",\"urlTemplate\":\"https:\/\/profen.com\/?s={search_term_string}\"},\"query-input\":{\"@type\":\"PropertyValueSpecification\",\"valueRequired\":true,\"valueName\":\"search_term_string\"}}],\"inLanguage\":\"en-US\"}]}<\/script>\n<!-- \/ Yoast SEO plugin. -->","yoast_head_json":{"title":"Profen Group - Profen - \u0130kitelli","description":"Contact us. Contact the Profen Ik\u0131telli for your comments and suggestions.","robots":{"index":"index","follow":"follow","max-snippet":"max-snippet:-1","max-image-preview":"max-image-preview:large","max-video-preview":"max-video-preview:-1"},"canonical":"https:\/\/profen.com\/en\/profen-ikitelli\/","og_locale":"en_US","og_type":"article","og_title":"Profen Group - Profen - \u0130kitelli","og_description":"Contact us. Contact the Profen Ik\u0131telli for your comments and suggestions.","og_url":"https:\/\/profen.com\/en\/profen-ikitelli\/","og_site_name":"Profen Group","article_modified_time":"2026-04-06T10:00:08+00:00","og_image":[{"width":1920,"height":500,"url":"https:\/\/profen.com\/wp-content\/uploads\/2020\/07\/iletisim-background-1.jpg","type":"image\/jpeg"}],"twitter_card":"summary_large_image","twitter_misc":{"Est. reading time":"1 minute"},"schema":{"@context":"https:\/\/schema.org","@graph":[{"@type":"WebPage","@id":"https:\/\/profen.com\/en\/profen-ikitelli\/","url":"https:\/\/profen.com\/en\/profen-ikitelli\/","name":"Profen Group - Profen - \u0130kitelli","isPartOf":{"@id":"https:\/\/profen.com\/#website"},"primaryImageOfPage":{"@id":"https:\/\/profen.com\/en\/profen-ikitelli\/#primaryimage"},"image":{"@id":"https:\/\/profen.com\/en\/profen-ikitelli\/#primaryimage"},"thumbnailUrl":"https:\/\/profen.com\/wp-content\/uploads\/2020\/07\/iletisim-background-1.jpg","datePublished":"2020-07-29T08:55:08+00:00","dateModified":"2026-04-06T10:00:08+00:00","description":"Contact us. Contact the Profen Ik\u0131telli for your comments and suggestions.","breadcrumb":{"@id":"https:\/\/profen.com\/en\/profen-ikitelli\/#breadcrumb"},"inLanguage":"en-US","potentialAction":[{"@type":"ReadAction","target":["https:\/\/profen.com\/en\/profen-ikitelli\/"]}]},{"@type":"ImageObject","inLanguage":"en-US","@id":"https:\/\/profen.com\/en\/profen-ikitelli\/#primaryimage","url":"https:\/\/profen.com\/wp-content\/uploads\/2020\/07\/iletisim-background-1.jpg","contentUrl":"https:\/\/profen.com\/wp-content\/uploads\/2020\/07\/iletisim-background-1.jpg","width":1920,"height":500},{"@type":"BreadcrumbList","@id":"https:\/\/profen.com\/en\/profen-ikitelli\/#breadcrumb","itemListElement":[{"@type":"ListItem","position":1,"name":"Ana sayfa","item":"https:\/\/profen.com\/en\/"},{"@type":"ListItem","position":2,"name":"Profen &#8211; \u0130kitelli"}]},{"@type":"WebSite","@id":"https:\/\/profen.com\/#website","url":"https:\/\/profen.com\/","name":"Profen Group","description":"","potentialAction":[{"@type":"SearchAction","target":{"@type":"EntryPoint","urlTemplate":"https:\/\/profen.com\/?s={search_term_string}"},"query-input":{"@type":"PropertyValueSpecification","valueRequired":true,"valueName":"search_term_string"}}],"inLanguage":"en-US"}]}},"_links":{"self":[{"href":"https:\/\/profen.com\/en\/wp-json\/wp\/v2\/pages\/1709","targetHints":{"allow":["GET"]}}],"collection":[{"href":"https:\/\/profen.com\/en\/wp-json\/wp\/v2\/pages"}],"about":[{"href":"https:\/\/profen.com\/en\/wp-json\/wp\/v2\/types\/page"}],"author":[{"embeddable":true,"href":"https:\/\/profen.com\/en\/wp-json\/wp\/v2\/users\/2"}],"replies":[{"embeddable":true,"href":"https:\/\/profen.com\/en\/wp-json\/wp\/v2\/comments?post=1709"}],"version-history":[{"count":1,"href":"https:\/\/profen.com\/en\/wp-json\/wp\/v2\/pages\/1709\/revisions"}],"predecessor-version":[{"id":7154,"href":"https:\/\/profen.com\/en\/wp-json\/wp\/v2\/pages\/1709\/revisions\/7154"}],"wp:featuredmedia":[{"embeddable":true,"href":"https:\/\/profen.com\/en\/wp-json\/wp\/v2\/media\/1481"}],"wp:attachment":[{"href":"https:\/\/profen.com\/en\/wp-json\/wp\/v2\/media?parent=1709"}],"curies":[{"name":"wp","href":"https:\/\/api.w.org\/{rel}","templated":true}]}}